{"id":33062,"date":"2025-06-19T10:14:03","date_gmt":"2025-06-19T07:14:03","guid":{"rendered":"https:\/\/koch-umzugslogistik.de\/?page_id=33062"},"modified":"2026-01-27T14:13:52","modified_gmt":"2026-01-27T11:13:52","slug":"preise","status":"publish","type":"page","link":"https:\/\/koch30012026.northitgroup.eu\/en\/preise\/","title":{"rendered":"Umzugskosten \u2013 Preise f\u00fcr lokale, nationale und weltweite Umz\u00fcge"},"content":{"rendered":"","protected":false},"excerpt":{"rendered":"","protected":false},"author":4,"featured_media":0,"parent":0,"menu_order":0,"comment_status":"closed","ping_status":"closed","template":"flexible-content.php","meta":{"_acf_changed":false,"footnotes":""},"class_list":["post-33062","page","type-page","status-publish","hentry"],"acf":[],"yoast_head":"<!-- This site is optimized with the Yoast SEO plugin v26.2 - https:\/\/yoast.com\/wordpress\/plugins\/seo\/ -->\n<title>Umzug Osnabr\u00fcck mit Profis \u2013 Stressfrei ausziehen mit Koch<\/title>\n<meta name=\"description\" content=\"Was kostet ein Umzug? Wir zeigen\u2019s Ihnen \u2013 \u00fcbersichtlich, ehrlich, individuell. In wenigen Schritten zu Ihrem pers\u00f6nlichen Angebot f\u00fcr Nah- oder Fernumz\u00fcge.\" \/>\n<meta name=\"robots\" content=\"noindex, follow, max-snippet:-1, max-image-preview:large, max-video-preview:-1\" \/>\n<meta property=\"og:locale\" content=\"en_GB\" \/>\n<meta property=\"og:type\" content=\"article\" \/>\n<meta property=\"og:title\" content=\"Umzug Osnabr\u00fcck mit Profis \u2013 Stressfrei ausziehen mit Koch\" \/>\n<meta property=\"og:description\" content=\"Was kostet ein Umzug? Wir zeigen\u2019s Ihnen \u2013 \u00fcbersichtlich, ehrlich, individuell. In wenigen Schritten zu Ihrem pers\u00f6nlichen Angebot f\u00fcr Nah- oder Fernumz\u00fcge.\" \/>\n<meta property=\"og:url\" content=\"https:\/\/koch30012026.northitgroup.eu\/en\/preise\/\" \/>\n<meta property=\"og:site_name\" content=\"Koch Umzugslogistik\" \/>\n<meta property=\"article:publisher\" content=\"https:\/\/www.facebook.com\/kochumzugslogistik\/\" \/>\n<meta property=\"article:modified_time\" content=\"2026-01-27T11:13:52+00:00\" \/>\n<meta name=\"twitter:card\" content=\"summary_large_image\" \/>\n<script type=\"application\/ld+json\" class=\"yoast-schema-graph\">{\"@context\":\"https:\/\/schema.org\",\"@graph\":[{\"@type\":\"WebPage\",\"@id\":\"https:\/\/koch30012026.northitgroup.eu\/preise\/\",\"url\":\"https:\/\/koch30012026.northitgroup.eu\/preise\/\",\"name\":\"Umzug Osnabr\u00fcck mit Profis \u2013 Stressfrei ausziehen mit Koch\",\"isPartOf\":{\"@id\":\"https:\/\/koch30012026.northitgroup.eu\/#website\"},\"datePublished\":\"2025-06-19T07:14:03+00:00\",\"dateModified\":\"2026-01-27T11:13:52+00:00\",\"description\":\"Was kostet ein Umzug? Wir zeigen\u2019s Ihnen \u2013 \u00fcbersichtlich, ehrlich, individuell. In wenigen Schritten zu Ihrem pers\u00f6nlichen Angebot f\u00fcr Nah- oder Fernumz\u00fcge.\",\"breadcrumb\":{\"@id\":\"https:\/\/koch30012026.northitgroup.eu\/preise\/#breadcrumb\"},\"inLanguage\":\"en-GB\",\"potentialAction\":[{\"@type\":\"ReadAction\",\"target\":[\"https:\/\/koch30012026.northitgroup.eu\/preise\/\"]}]},{\"@type\":\"BreadcrumbList\",\"@id\":\"https:\/\/koch30012026.northitgroup.eu\/preise\/#breadcrumb\",\"itemListElement\":[{\"@type\":\"ListItem\",\"position\":1,\"name\":\"Home\",\"item\":\"https:\/\/koch30012026.northitgroup.eu\/\"},{\"@type\":\"ListItem\",\"position\":2,\"name\":\"Umzugskosten \u2013 Preise f\u00fcr lokale, nationale und weltweite Umz\u00fcge\"}]},{\"@type\":\"WebSite\",\"@id\":\"https:\/\/koch30012026.northitgroup.eu\/#website\",\"url\":\"https:\/\/koch30012026.northitgroup.eu\/\",\"name\":\"Koch Umzugslogistik\",\"description\":\"\",\"publisher\":{\"@id\":\"https:\/\/koch30012026.northitgroup.eu\/#organization\"},\"potentialAction\":[{\"@type\":\"SearchAction\",\"target\":{\"@type\":\"EntryPoint\",\"urlTemplate\":\"https:\/\/koch30012026.northitgroup.eu\/?s={search_term_string}\"},\"query-input\":{\"@type\":\"PropertyValueSpecification\",\"valueRequired\":true,\"valueName\":\"search_term_string\"}}],\"inLanguage\":\"en-GB\"},{\"@type\":[\"Organization\",\"Place\",\"MovingCompany\"],\"@id\":\"https:\/\/koch30012026.northitgroup.eu\/#organization\",\"name\":\"HEINRICH KOCH INTERNATIONALE UMZUGS- UND ARCHIVLOGISTIK GMBH\",\"alternateName\":\"KOCH Umzugslogistik\",\"url\":\"https:\/\/koch30012026.northitgroup.eu\/\",\"logo\":{\"@id\":\"https:\/\/koch30012026.northitgroup.eu\/preise\/#local-main-organization-logo\"},\"image\":{\"@id\":\"https:\/\/koch30012026.northitgroup.eu\/preise\/#local-main-organization-logo\"},\"sameAs\":[\"https:\/\/www.facebook.com\/kochumzugslogistik\/\",\"https:\/\/www.instagram.com\/koch_umzugslogistik\/\",\"https:\/\/www.linkedin.com\/company\/heinrich-koch-internationale-umzugs-und-archivlogistik-gmbh\/\"],\"address\":{\"@id\":\"https:\/\/koch30012026.northitgroup.eu\/preise\/#local-main-place-address\"},\"telephone\":[\"+495411216850\",\"+4954112168521\"],\"contactPoint\":{\"@type\":\"ContactPoint\",\"telephone\":\"+495411216850\",\"email\":\"info@koch-umzugslogistik.de\"},\"openingHoursSpecification\":[{\"@type\":\"OpeningHoursSpecification\",\"dayOfWeek\":[\"Monday\",\"Tuesday\",\"Wednesday\",\"Thursday\",\"Friday\"],\"opens\":\"09:00\",\"closes\":\"17:00\"},{\"@type\":\"OpeningHoursSpecification\",\"dayOfWeek\":[\"Saturday\",\"Sunday\"],\"opens\":\"00:00\",\"closes\":\"00:00\"}],\"email\":\"info@koch-umzugslogistik.de\",\"faxNumber\":\"+4954112168839\",\"areaServed\":\"worldwide\",\"vatID\":\"DE813873060\",\"priceRange\":\"$$\",\"currenciesAccepted\":\"EUR\",\"paymentAccepted\":\"Bankaccount\"},{\"@type\":\"PostalAddress\",\"@id\":\"https:\/\/koch30012026.northitgroup.eu\/preise\/#local-main-place-address\",\"streetAddress\":\"Zum Attersee 9\",\"addressLocality\":\"Osnabr\u00fcck\",\"postalCode\":\"49076\",\"addressRegion\":\"Niedersachsen\",\"addressCountry\":\"DE\"},{\"@type\":\"ImageObject\",\"inLanguage\":\"en-GB\",\"@id\":\"https:\/\/koch30012026.northitgroup.eu\/preise\/#local-main-organization-logo\",\"url\":\"https:\/\/koch30012026.northitgroup.eu\/wp-content\/uploads\/2025\/03\/koch-scaled.jpg\",\"contentUrl\":\"https:\/\/koch30012026.northitgroup.eu\/wp-content\/uploads\/2025\/03\/koch-scaled.jpg\",\"width\":2560,\"height\":1673,\"caption\":\"HEINRICH KOCH INTERNATIONALE UMZUGS- UND ARCHIVLOGISTIK GMBH\"}]}<\/script>\n<meta name=\"geo.placename\" content=\"Osnabr\u00fcck\" \/>\n<meta name=\"geo.region\" content=\"Germany\" \/>\n<!-- \/ Yoast SEO plugin. -->","yoast_head_json":{"title":"Umzug Osnabr\u00fcck mit Profis \u2013 Stressfrei ausziehen mit Koch","description":"Was kostet ein Umzug? Wir zeigen\u2019s Ihnen \u2013 \u00fcbersichtlich, ehrlich, individuell. In wenigen Schritten zu Ihrem pers\u00f6nlichen Angebot f\u00fcr Nah- oder Fernumz\u00fcge.","robots":{"index":"noindex","follow":"follow","max-snippet":"max-snippet:-1","max-image-preview":"max-image-preview:large","max-video-preview":"max-video-preview:-1"},"og_locale":"en_GB","og_type":"article","og_title":"Umzug Osnabr\u00fcck mit Profis \u2013 Stressfrei ausziehen mit Koch","og_description":"Was kostet ein Umzug? Wir zeigen\u2019s Ihnen \u2013 \u00fcbersichtlich, ehrlich, individuell. In wenigen Schritten zu Ihrem pers\u00f6nlichen Angebot f\u00fcr Nah- oder Fernumz\u00fcge.","og_url":"https:\/\/koch30012026.northitgroup.eu\/en\/preise\/","og_site_name":"Koch Umzugslogistik","article_publisher":"https:\/\/www.facebook.com\/kochumzugslogistik\/","article_modified_time":"2026-01-27T11:13:52+00:00","twitter_card":"summary_large_image","schema":{"@context":"https:\/\/schema.org","@graph":[{"@type":"WebPage","@id":"https:\/\/koch30012026.northitgroup.eu\/preise\/","url":"https:\/\/koch30012026.northitgroup.eu\/preise\/","name":"Umzug Osnabr\u00fcck mit Profis \u2013 Stressfrei ausziehen mit Koch","isPartOf":{"@id":"https:\/\/koch30012026.northitgroup.eu\/#website"},"datePublished":"2025-06-19T07:14:03+00:00","dateModified":"2026-01-27T11:13:52+00:00","description":"Was kostet ein Umzug? Wir zeigen\u2019s Ihnen \u2013 \u00fcbersichtlich, ehrlich, individuell. In wenigen Schritten zu Ihrem pers\u00f6nlichen Angebot f\u00fcr Nah- oder Fernumz\u00fcge.","breadcrumb":{"@id":"https:\/\/koch30012026.northitgroup.eu\/preise\/#breadcrumb"},"inLanguage":"en-GB","potentialAction":[{"@type":"ReadAction","target":["https:\/\/koch30012026.northitgroup.eu\/preise\/"]}]},{"@type":"BreadcrumbList","@id":"https:\/\/koch30012026.northitgroup.eu\/preise\/#breadcrumb","itemListElement":[{"@type":"ListItem","position":1,"name":"Home","item":"https:\/\/koch30012026.northitgroup.eu\/"},{"@type":"ListItem","position":2,"name":"Umzugskosten \u2013 Preise f\u00fcr lokale, nationale und weltweite Umz\u00fcge"}]},{"@type":"WebSite","@id":"https:\/\/koch30012026.northitgroup.eu\/#website","url":"https:\/\/koch30012026.northitgroup.eu\/","name":"Koch Moving Logistics","description":"","publisher":{"@id":"https:\/\/koch30012026.northitgroup.eu\/#organization"},"potentialAction":[{"@type":"SearchAction","target":{"@type":"EntryPoint","urlTemplate":"https:\/\/koch30012026.northitgroup.eu\/?s={search_term_string}"},"query-input":{"@type":"PropertyValueSpecification","valueRequired":true,"valueName":"search_term_string"}}],"inLanguage":"en-GB"},{"@type":["Organization","Place","MovingCompany"],"@id":"https:\/\/koch30012026.northitgroup.eu\/#organization","name":"HEINRICH KOCH INTERNATIONALE UMZUGS- UND ARCHIVLOGISTIK GMBH","alternateName":"KOCH Umzugslogistik","url":"https:\/\/koch30012026.northitgroup.eu\/","logo":{"@id":"https:\/\/koch30012026.northitgroup.eu\/preise\/#local-main-organization-logo"},"image":{"@id":"https:\/\/koch30012026.northitgroup.eu\/preise\/#local-main-organization-logo"},"sameAs":["https:\/\/www.facebook.com\/kochumzugslogistik\/","https:\/\/www.instagram.com\/koch_umzugslogistik\/","https:\/\/www.linkedin.com\/company\/heinrich-koch-internationale-umzugs-und-archivlogistik-gmbh\/"],"address":{"@id":"https:\/\/koch30012026.northitgroup.eu\/preise\/#local-main-place-address"},"telephone":["+495411216850","+4954112168521"],"contactPoint":{"@type":"ContactPoint","telephone":"+495411216850","email":"info@koch-umzugslogistik.de"},"openingHoursSpecification":[{"@type":"OpeningHoursSpecification","dayOfWeek":["Monday","Tuesday","Wednesday","Thursday","Friday"],"opens":"09:00","closes":"17:00"},{"@type":"OpeningHoursSpecification","dayOfWeek":["Saturday","Sunday"],"opens":"00:00","closes":"00:00"}],"email":"info@koch-umzugslogistik.de","faxNumber":"+4954112168839","areaServed":"worldwide","vatID":"DE813873060","priceRange":"$$","currenciesAccepted":"EUR","paymentAccepted":"Bankaccount"},{"@type":"PostalAddress","@id":"https:\/\/koch30012026.northitgroup.eu\/preise\/#local-main-place-address","streetAddress":"Zum Attersee 9","addressLocality":"Osnabr\u00fcck","postalCode":"49076","addressRegion":"Niedersachsen","addressCountry":"DE"},{"@type":"ImageObject","inLanguage":"en-GB","@id":"https:\/\/koch30012026.northitgroup.eu\/preise\/#local-main-organization-logo","url":"https:\/\/koch30012026.northitgroup.eu\/wp-content\/uploads\/2025\/03\/koch-scaled.jpg","contentUrl":"https:\/\/koch30012026.northitgroup.eu\/wp-content\/uploads\/2025\/03\/koch-scaled.jpg","width":2560,"height":1673,"caption":"HEINRICH KOCH INTERNATIONALE UMZUGS- UND ARCHIVLOGISTIK GMBH"}]},"geo.placename":"Osnabr\u00fcck","geo.region":"Germany"},"_links":{"self":[{"href":"https:\/\/koch30012026.northitgroup.eu\/en\/wp-json\/wp\/v2\/pages\/33062","targetHints":{"allow":["GET"]}}],"collection":[{"href":"https:\/\/koch30012026.northitgroup.eu\/en\/wp-json\/wp\/v2\/pages"}],"about":[{"href":"https:\/\/koch30012026.northitgroup.eu\/en\/wp-json\/wp\/v2\/types\/page"}],"author":[{"embeddable":true,"href":"https:\/\/koch30012026.northitgroup.eu\/en\/wp-json\/wp\/v2\/users\/4"}],"replies":[{"embeddable":true,"href":"https:\/\/koch30012026.northitgroup.eu\/en\/wp-json\/wp\/v2\/comments?post=33062"}],"version-history":[{"count":0,"href":"https:\/\/koch30012026.northitgroup.eu\/en\/wp-json\/wp\/v2\/pages\/33062\/revisions"}],"wp:attachment":[{"href":"https:\/\/koch30012026.northitgroup.eu\/en\/wp-json\/wp\/v2\/media?parent=33062"}],"curies":[{"name":"wp","href":"https:\/\/api.w.org\/{rel}","templated":true}]}}